{"id":17,"date":"2025-10-20T14:53:37","date_gmt":"2025-10-20T14:53:37","guid":{"rendered":"https:\/\/petitbiscuit.staging.agencealto.ca\/petitbiscuit\/?page_id=17"},"modified":"2025-11-10T18:16:34","modified_gmt":"2025-11-10T18:16:34","slug":"accueil","status":"publish","type":"page","link":"https:\/\/le-fjord.com\/","title":{"rendered":"Accueil"},"content":{"rendered":"\t\t<div data-elementor-type=\"wp-page\" data-elementor-id=\"17\" class=\"elementor elementor-17\" data-elementor-post-type=\"page\">\n\t\t\t\t<div class=\"elementor-element elementor-element-1177891 e-con-full e-flex e-con e-parent\" data-id=\"1177891\" data-element_type=\"container\" data-e-type=\"container\">\n\t\t<div class=\"elementor-element elementor-element-6312523 e-con-full e-flex e-con e-child\" data-id=\"6312523\" data-element_type=\"container\" data-e-type=\"container\" data-settings=\"{&quot;background_background&quot;:&quot;classic&quot;}\">\n\t\t\t\t<div class=\"elementor-element elementor-element-7a702db elementor-widget elementor-widget-heading\" data-id=\"7a702db\" data-element_type=\"widget\" data-e-type=\"widget\" data-widget_type=\"heading.default\">\n\t\t\t\t\t<h2 class=\"elementor-heading-title elementor-size-default\">Vue <br>panoramique<\/h2>\t\t\t\t<\/div>\n\t\t\t\t<div class=\"elementor-element elementor-element-1c7a0ad elementor-widget elementor-widget-heading\" data-id=\"1c7a0ad\" data-element_type=\"widget\" data-e-type=\"widget\" data-widget_type=\"heading.default\">\n\t\t\t\t\t<p class=\"elementor-heading-title elementor-size-default\">sur le fleuve Saint-Laurent<\/p>\t\t\t\t<\/div>\n\t\t\t\t<\/div>\n\t\t<div class=\"elementor-element elementor-element-215318a e-con-full e-flex e-con e-child\" data-id=\"215318a\" data-element_type=\"container\" data-e-type=\"container\" data-settings=\"{&quot;background_background&quot;:&quot;classic&quot;}\">\n\t\t\t\t<div class=\"elementor-element elementor-element-5ea91da elementor-widget elementor-widget-heading\" data-id=\"5ea91da\" data-element_type=\"widget\" data-e-type=\"widget\" data-widget_type=\"heading.default\">\n\t\t\t\t\t<h2 class=\"elementor-heading-title elementor-size-default\">80<\/h2>\t\t\t\t<\/div>\n\t\t\t\t<div class=\"elementor-element elementor-element-0f4a2df elementor-widget elementor-widget-heading\" data-id=\"0f4a2df\" data-element_type=\"widget\" data-e-type=\"widget\" data-widget_type=\"heading.default\">\n\t\t\t\t\t<p class=\"elementor-heading-title elementor-size-default\">Logements <br>\nhaut de gamme,<br> \ntout compris<\/p>\t\t\t\t<\/div>\n\t\t\t\t<\/div>\n\t\t<div class=\"elementor-element elementor-element-575432e e-con-full e-flex e-con e-child\" data-id=\"575432e\" data-element_type=\"container\" data-e-type=\"container\" data-settings=\"{&quot;background_background&quot;:&quot;classic&quot;}\">\n\t\t\t\t<div class=\"elementor-element elementor-element-2a737c3 elementor-widget elementor-widget-heading\" data-id=\"2a737c3\" data-element_type=\"widget\" data-e-type=\"widget\" data-widget_type=\"heading.default\">\n\t\t\t\t\t<p class=\"elementor-heading-title elementor-size-default\">Un projet locatif<\/p>\t\t\t\t<\/div>\n\t\t\t\t<div class=\"elementor-element elementor-element-f94157e elementor-widget elementor-widget-heading\" data-id=\"f94157e\" data-element_type=\"widget\" data-e-type=\"widget\" data-widget_type=\"heading.default\">\n\t\t\t\t\t<h2 class=\"elementor-heading-title elementor-size-default\">durable et <br>visionnaire<\/h2>\t\t\t\t<\/div>\n\t\t\t\t<div class=\"elementor-element elementor-element-1d2c409 elementor-widget elementor-widget-heading\" data-id=\"1d2c409\" data-element_type=\"widget\" data-e-type=\"widget\" data-widget_type=\"heading.default\">\n\t\t\t\t\t<p class=\"elementor-heading-title elementor-size-default\">\u00e0 L\u00e9vis <\/p>\t\t\t\t<\/div>\n\t\t\t\t<\/div>\n\t\t\t\t<\/div>\n\t\t<div class=\"elementor-element elementor-element-7a4e6fa e-flex e-con-boxed e-con e-parent\" data-id=\"7a4e6fa\" data-element_type=\"container\" data-e-type=\"container\" id=\"a-propos\">\n\t\t\t\t\t<div class=\"e-con-inner\">\n\t\t<div class=\"elementor-element elementor-element-c66de65 e-con-full e-flex e-con e-child\" data-id=\"c66de65\" data-element_type=\"container\" data-e-type=\"container\">\n\t\t<div class=\"elementor-element elementor-element-e5af87e e-con-full e-flex e-con e-child\" data-id=\"e5af87e\" data-element_type=\"container\" data-e-type=\"container\">\n\t\t\t\t<div class=\"elementor-element elementor-element-5ab29d6 elementor-widget elementor-widget-heading\" data-id=\"5ab29d6\" data-element_type=\"widget\" data-e-type=\"widget\" data-widget_type=\"heading.default\">\n\t\t\t\t\t<h1 class=\"elementor-heading-title elementor-size-default\">D\u00e9couvrez un projet r\u00e9sidentiel unique \u00e0 L\u00e9vis<\/h1>\t\t\t\t<\/div>\n\t\t\t\t<div class=\"elementor-element elementor-element-3253f6b elementor-widget elementor-widget-text-editor\" data-id=\"3253f6b\" data-element_type=\"widget\" data-e-type=\"widget\" data-widget_type=\"text-editor.default\">\n\t\t\t\t\t\t\t\t\t<p>D\u00e9couvrez Le Fjord, un projet r\u00e9sidentiel exceptionnel \u00e0 L\u00e9vis qui allie modernit\u00e9, confort et s\u00e9r\u00e9nit\u00e9. Avec ses 10 \u00e9tages et ses 80 logements, dont un espace de co-living au sommet, Le Fjord offre un environnement inspirant o\u00f9 paix et z\u00e9nitude se rencontrent. Profitez d\u2019une terrasse ouverte avec une vue imprenable sur le fleuve Saint-Laurent, d\u2019un gym moderne, et de logements tout inclus con\u00e7us pour votre bien-\u00eatre.<\/p><p>Ici, l\u2019atmosph\u00e8re calme et apaisante favorise la tranquillit\u00e9 d\u2019esprit et la d\u00e9tente. Le Fjord, votre havre de paix \u00e0 L\u00e9vis<\/p>\t\t\t\t\t\t\t\t<\/div>\n\t\t\t\t<div class=\"elementor-element elementor-element-aba4474 elementor-align-right elementor-widget elementor-widget-button\" data-id=\"aba4474\" data-element_type=\"widget\" data-e-type=\"widget\" data-widget_type=\"button.default\">\n\t\t\t\t\t\t\t\t\t\t<a class=\"elementor-button elementor-button-link elementor-size-sm\" href=\"#form\">\n\t\t\t\t\t\t<span class=\"elementor-button-content-wrapper\">\n\t\t\t\t\t\t\t\t\t<span class=\"elementor-button-text\">Visiter<\/span>\n\t\t\t\t\t<\/span>\n\t\t\t\t\t<\/a>\n\t\t\t\t\t\t\t\t<\/div>\n\t\t\t\t<\/div>\n\t\t\t\t<\/div>\n\t\t<div class=\"elementor-element elementor-element-0dfd136 e-con-full e-flex e-con e-child\" data-id=\"0dfd136\" data-element_type=\"container\" data-e-type=\"container\">\n\t\t\t\t<div class=\"elementor-element elementor-element-b0bb532 elementor-widget elementor-widget-image\" data-id=\"b0bb532\" data-element_type=\"widget\" data-e-type=\"widget\" data-widget_type=\"image.default\">\n\t\t\t\t\t\t\t\t\t\t\t\t\t\t\t<img fetchpriority=\"high\" decoding=\"async\" width=\"689\" height=\"574\" src=\"https:\/\/le-fjord.com\/wp-content\/uploads\/2025\/10\/Groupe-image.avif\" class=\"attachment-large size-large wp-image-38\" alt=\"\" srcset=\"https:\/\/le-fjord.com\/wp-content\/uploads\/2025\/10\/Groupe-image.avif 689w, https:\/\/le-fjord.com\/wp-content\/uploads\/2025\/10\/Groupe-image-300x250.avif 300w\" sizes=\"(max-width: 689px) 100vw, 689px\" \/>\t\t\t\t\t\t\t\t\t\t\t\t\t\t\t<\/div>\n\t\t\t\t<\/div>\n\t\t\t\t\t<\/div>\n\t\t\t\t<\/div>\n\t\t<div class=\"elementor-element elementor-element-00014df e-flex e-con-boxed e-con e-parent\" data-id=\"00014df\" data-element_type=\"container\" data-e-type=\"container\" id=\"form\" data-settings=\"{&quot;background_background&quot;:&quot;classic&quot;}\">\n\t\t\t\t\t<div class=\"e-con-inner\">\n\t\t<div class=\"elementor-element elementor-element-318bc0e e-con-full e-flex e-con e-child\" data-id=\"318bc0e\" data-element_type=\"container\" data-e-type=\"container\" data-settings=\"{&quot;background_background&quot;:&quot;classic&quot;}\">\n\t\t\t\t<div class=\"elementor-element elementor-element-15af96e custom-borders elementor-widget elementor-widget-html\" data-id=\"15af96e\" data-element_type=\"widget\" data-e-type=\"widget\" data-widget_type=\"html.default\">\n\t\t\t\t\t<div class=\"corner-top-right\"><\/div>\n<div class=\"corner-bottom-left\"><\/div>\t\t\t\t<\/div>\n\t\t\t\t<div class=\"elementor-element elementor-element-a408faf elementor-widget__width-initial elementor-widget elementor-widget-heading\" data-id=\"a408faf\" data-element_type=\"widget\" data-e-type=\"widget\" data-widget_type=\"heading.default\">\n\t\t\t\t\t<h2 class=\"elementor-heading-title elementor-size-default\">R\u00e9servez votre futur chez-vous et inscrivez-vous \u00e0 notre infolettre !<\/h2>\t\t\t\t<\/div>\n\t\t\t\t<div class=\"elementor-element elementor-element-5af7029 elementor-widget-divider--view-line elementor-widget elementor-widget-divider\" data-id=\"5af7029\" data-element_type=\"widget\" data-e-type=\"widget\" data-widget_type=\"divider.default\">\n\t\t\t\t\t\t\t<div class=\"elementor-divider\">\n\t\t\t<span class=\"elementor-divider-separator\">\n\t\t\t\t\t\t<\/span>\n\t\t<\/div>\n\t\t\t\t\t\t<\/div>\n\t\t\t\t<div class=\"elementor-element elementor-element-281e1c9 elementor-widget__width-initial elementor-widget elementor-widget-text-editor\" data-id=\"281e1c9\" data-element_type=\"widget\" data-e-type=\"widget\" data-widget_type=\"text-editor.default\">\n\t\t\t\t\t\t\t\t\tPour r\u00e9server une unit\u00e9 ou planifier une visite au bureau de location, soumettez votre demande. Notre \u00e9quipe vous contactera dans les 24 \u00e0 48 heures pour \u00e9changer et vous guider dans le choix de votre futur espace de vie.\n\t\t\t\t\t\t\t\t<\/div>\n\t\t\t\t<div class=\"elementor-element elementor-element-42d2d07 elementor-align-center elementor-widget elementor-widget-button\" data-id=\"42d2d07\" data-element_type=\"widget\" data-e-type=\"widget\" data-widget_type=\"button.default\">\n\t\t\t\t\t\t\t\t\t\t<a class=\"elementor-button elementor-button-link elementor-size-sm\" href=\"#\">\n\t\t\t\t\t\t<span class=\"elementor-button-content-wrapper\">\n\t\t\t\t\t\t\t\t\t<span class=\"elementor-button-text\">En savoir plus<\/span>\n\t\t\t\t\t<\/span>\n\t\t\t\t\t<\/a>\n\t\t\t\t\t\t\t\t<\/div>\n\t\t\t\t<div class=\"elementor-element elementor-element-f387182 fluentform-widget-submit-button-center fluent-form-widget-step-header-yes fluent-form-widget-step-progressbar-yes fluentform-widget-submit-button-custom elementor-widget elementor-widget-fluent-form-widget\" data-id=\"f387182\" data-element_type=\"widget\" data-e-type=\"widget\" data-widget_type=\"fluent-form-widget.default\">\n\t\t\t\t<div class=\"elementor-widget-container\">\n\t\t\t\t\t\n            <div class=\"fluentform-widget-wrapper fluentform-widget-custom-radio-checkbox fluentform-widget-align-default\">\n\n            \n            <div class='fluentform ff-default fluentform_wrapper_3 ffs_default_wrap'><form data-form_id=\"3\" id=\"fluentform_3\" class=\"frm-fluent-form fluent_form_3 ff-el-form-top ff_form_instance_3_1 ff-form-loading ffs_default\" data-form_instance=\"ff_form_instance_3_1\" method=\"POST\" ><fieldset  style=\"border: none!important;margin: 0!important;padding: 0!important;background-color: transparent!important;box-shadow: none!important;outline: none!important; min-inline-size: 100%;\">\n                    <legend class=\"ff_screen_reader_title\" style=\"display: block; margin: 0!important;padding: 0!important;height: 0!important;text-indent: -999999px;width: 0!important;overflow:hidden;\">Fjord Form<\/legend><input type='hidden' name='__fluent_form_embded_post_id' value='17' \/><input type=\"hidden\" id=\"_fluentform_3_fluentformnonce\" name=\"_fluentform_3_fluentformnonce\" value=\"c4e93de6b0\" \/><input type=\"hidden\" name=\"_wp_http_referer\" value=\"\/index.php?rest_route=%2Fwp%2Fv2%2Fpages%2F17\" \/><div data-name=\"ff_cn_id_1\"  class='ff-t-container ff-column-container ff_columns_total_3 '><div class='ff-t-cell ff-t-column-1' style='flex-basis: 30%;'><div class='ff-el-group  ff-custom_html ff-title' tabindex='-1' data-name=\"custom_html-3_1\" ><p>1.<\/p><\/div><div class='ff-el-group'><div class='ff-el-input--content'><input type=\"text\" name=\"first_name\" class=\"ff-el-form-control\" placeholder=\"Pr\u00e9nom*\" data-name=\"first_name\" id=\"ff_3_first_name\"  aria-invalid=\"false\" aria-required=true><\/div><\/div><div class='ff-el-group'><div class='ff-el-input--content'><input type=\"text\" name=\"last_name\" class=\"ff-el-form-control\" placeholder=\"Nom*\" data-name=\"last_name\" id=\"ff_3_last_name\"  aria-invalid=\"false\" aria-required=true><\/div><\/div><div class='ff-el-group ff-el-form-hide_label'><div class=\"ff-el-input--label ff-el-is-required asterisk-right\"><label for='ff_3_phone' id='label_ff_3_phone' aria-label=\"Phone\/Mobile\">Phone\/Mobile<\/label><\/div><div class='ff-el-input--content'><input name=\"phone\" class=\"ff-el-form-control ff-el-phone ff_el_with_extended_validation\" type=\"tel\" placeholder=\"T\u00e9l\u00e9phone*\" data-name=\"phone\" id=\"ff_3_phone\" inputmode=\"tel\"  aria-invalid='false' aria-required=true><\/div><\/div><div class='ff-el-group ff-el-form-hide_label'><div class=\"ff-el-input--label ff-el-is-required asterisk-right\"><label for='ff_3_email' id='label_ff_3_email' aria-label=\"Email\">Email<\/label><\/div><div class='ff-el-input--content'><input type=\"email\" name=\"email\" id=\"ff_3_email\" class=\"ff-el-form-control\" placeholder=\"Courriel*\" data-name=\"email\"  aria-invalid=\"false\" aria-required=true><\/div><\/div><\/div><div class='ff-t-cell ff-t-column-2' style='flex-basis: 30%;'><div class=\"ff-1-row ff-name-address-wrapper fluent-address\" data-type=\"address-element\" data-name=\"address_1\" ><div class='ff-el-input--content'><div class='ff-t-container'><div class='ff-t-cell'><div class='ff-el-group ff-el-form-hide_label'><div class=\"ff-el-input--label ff-el-is-required asterisk-right\"><label for='ff_3_address_1_city_' id='label_ff_3_address_1_city_' aria-label=\"City\">City<\/label><\/div><div class='ff-el-input--content'><input type=\"text\" name=\"address_1[city]\" id=\"ff_3_address_1_city_\" class=\"ff-el-form-control\" placeholder=\"Ville de r\u00e9sidence actuelle*\" data-key_name=\"city\"  aria-invalid=\"false\" aria-required=true><\/div><\/div><\/div><div class='ff-t-cell'><div class='ff-el-group ff-el-form-hide_label'><div class='ff-el-input--content'><input type=\"text\" name=\"address_1[zip]\" id=\"ff_3_address_1_zip_\" class=\"ff-el-form-control\" placeholder=\"Code postal actuel*\" data-key_name=\"zip\"  aria-invalid=\"false\" aria-required=true><\/div><\/div><\/div><\/div><\/div><\/div><\/div><div class='ff-t-cell ff-t-column-3' style='flex-basis: 40%;'><div class='ff-el-group  ff-custom_html ff-title' tabindex='-1' data-name=\"custom_html-3_2\" ><p>2.<\/p><\/div><div class='ff-el-group'><div class=\"ff-el-input--label ff-el-is-required asterisk-right\"><label   aria-label=\"Type d\u2019unit\u00e9 d\u00e9sir\u00e9\">Type d\u2019unit\u00e9 d\u00e9sir\u00e9<\/label><\/div><div class='ff-el-input--content'><div class='ff-el-form-check ff-el-form-check-'><label class='ff-el-form-check-label' for='input_radio_ff2f8a268bf83fa8c5b4498cdb1ec3ad'><input  type=\"radio\" name=\"input_radio\" data-name=\"input_radio\" class=\"ff-el-form-check-input ff-el-form-check-radio\" value=\"Studios  (\u00c0 partir de 1 027 $)\"  id='input_radio_ff2f8a268bf83fa8c5b4498cdb1ec3ad' aria-label='Studios  (\u00c0 partir de 1 027 $)' aria-invalid='false' aria-required=true> <span>Studios  (\u00c0 partir de 1 027 $)<\/span><\/label><\/div><div class='ff-el-form-check ff-el-form-check-'><label class='ff-el-form-check-label' for='input_radio_aaf7dfaf3c6f7f5c5a0bf66b371bac26'><input  type=\"radio\" name=\"input_radio\" data-name=\"input_radio\" class=\"ff-el-form-check-input ff-el-form-check-radio\" value=\"3 1\/2 (\u00c0 partir de 1 550 $)\"  id='input_radio_aaf7dfaf3c6f7f5c5a0bf66b371bac26' aria-label='3 1\/2 (\u00c0 partir de 1 550 $)' aria-invalid='false' aria-required=true> <span>3 1\/2 (\u00c0 partir de 1 550 $)<\/span><\/label><\/div><div class='ff-el-form-check ff-el-form-check-'><label class='ff-el-form-check-label' for='input_radio_570c6ee9680891514347732efcf73ced'><input  type=\"radio\" name=\"input_radio\" data-name=\"input_radio\" class=\"ff-el-form-check-input ff-el-form-check-radio\" value=\"4 1\/2  (\u00c0 partir de 1 860 $)\"  id='input_radio_570c6ee9680891514347732efcf73ced' aria-label='4 1\/2  (\u00c0 partir de 1 860 $)' aria-invalid='false' aria-required=true> <span>4 1\/2  (\u00c0 partir de 1 860 $)<\/span><\/label><\/div><div class='ff-el-form-check ff-el-form-check-'><label class='ff-el-form-check-label' for='input_radio_3e243c3c34a8a3e6a99501d766ff4dec'><input  type=\"radio\" name=\"input_radio\" data-name=\"input_radio\" class=\"ff-el-form-check-input ff-el-form-check-radio\" value=\"5 1\/2  ( \u00c0 partir de 2 760 $)\"  id='input_radio_3e243c3c34a8a3e6a99501d766ff4dec' aria-label='5 1\/2  ( \u00c0 partir de 2 760 $)' aria-invalid='false' aria-required=true> <span>5 1\/2  ( \u00c0 partir de 2 760 $)<\/span><\/label><\/div><\/div><\/div><div class='ff-el-group  ff_list_2col'><div class=\"ff-el-input--label ff-el-is-required asterisk-right\"><label   aria-label=\"D\u00e9sirez-vous une vue sur le fleuve?\">D\u00e9sirez-vous une vue sur le fleuve?<\/label><\/div><div class='ff-el-input--content'><div class='ff-el-form-check ff-el-form-check-'><label class='ff-el-form-check-label' for='input_radio_1_3a7a423bd5399af29cb5e4a85881de22'><input  type=\"radio\" name=\"input_radio_1\" data-name=\"input_radio_1\" class=\"ff-el-form-check-input ff-el-form-check-radio\" value=\"Oui\"  id='input_radio_1_3a7a423bd5399af29cb5e4a85881de22' aria-label='Oui' aria-invalid='false' aria-required=true> <span>Oui<\/span><\/label><\/div><div class='ff-el-form-check ff-el-form-check-'><label class='ff-el-form-check-label' for='input_radio_1_3655c9e9a19a75e51dc14081e37b102b'><input  type=\"radio\" name=\"input_radio_1\" data-name=\"input_radio_1\" class=\"ff-el-form-check-input ff-el-form-check-radio\" value=\"Non\"  id='input_radio_1_3655c9e9a19a75e51dc14081e37b102b' aria-label='Non' aria-invalid='false' aria-required=true> <span>Non<\/span><\/label><\/div><\/div><\/div><div class='ff-el-group'><div class='ff-el-input--content'><div class='ff-el-form-check ff-el-form-check- ff_item_selected'><label class='ff-el-form-check-label' for='checkbox_aed13c41413a65d4dbe64b345a051ec2'><input  type=\"checkbox\" name=\"checkbox[]\" data-name=\"checkbox\" class=\"ff-el-form-check-input ff-el-form-check-checkbox\" checked=\"1\" value=\"Je souhaite m\u2019inscrire \u00e0 l\u2019infolettre\"  id='checkbox_aed13c41413a65d4dbe64b345a051ec2' aria-label='Je souhaite m\u2019inscrire \u00e0 l\u2019infolettre' aria-invalid='false' aria-required=false> <span>Je souhaite m\u2019inscrire \u00e0 l\u2019infolettre<\/span><\/label><\/div><\/div><\/div><\/div><\/div><div class='ff-el-group ff-text-left fjord-submit ff_submit_btn_wrapper'><button type=\"submit\" class=\"ff-btn ff-btn-submit ff-btn-md ff_btn_style\"  aria-label=\"S\u2019inscrire\">S\u2019inscrire<\/button><\/div><\/fieldset><\/form><div id='fluentform_3_errors' class='ff-errors-in-stack ff_form_instance_3_1 ff-form-loading_errors ff_form_instance_3_1_errors'><\/div><\/div>            <script type=\"text\/javascript\">\n                window.fluent_form_ff_form_instance_3_1 = {\"id\":\"3\",\"settings\":{\"layout\":{\"labelPlacement\":\"top\",\"asteriskPlacement\":\"asterisk-right\",\"helpMessagePlacement\":\"with_label\",\"errorMessagePlacement\":\"inline\",\"cssClassName\":\"\"},\"restrictions\":{\"denyEmptySubmission\":{\"enabled\":false}}},\"form_instance\":\"ff_form_instance_3_1\",\"form_id_selector\":\"fluentform_3\",\"rules\":{\"first_name\":{\"required\":{\"value\":true,\"message\":\"Ce champ est obligatoire.\",\"global_message\":\"This field is required\",\"global\":false}},\"last_name\":{\"required\":{\"value\":true,\"message\":\"Ce champ est obligatoire.\",\"global_message\":\"This field is required\",\"global\":false}},\"phone\":{\"required\":{\"value\":true,\"global\":false,\"message\":\"Ce champ est obligatoire.\",\"global_message\":\"This field is required\"},\"valid_phone_number\":{\"value\":true,\"global\":false,\"message\":\"Le num\\u00e9ro de t\\u00e9l\\u00e9phone n'est pas valide.\",\"global_message\":\"Phone number is not valid\"}},\"email\":{\"required\":{\"value\":true,\"message\":\"Ce champ est obligatoire.\",\"global_message\":\"This field is required\",\"global\":false},\"email\":{\"value\":true,\"message\":\"This field must contain a valid email\",\"global_message\":\"This field must contain a valid email\",\"global\":true}},\"address_1[address_line_1]\":{\"required\":{\"value\":false,\"message\":\"This field is required\",\"global_message\":\"This field is required\",\"global\":true}},\"address_1[address_line_2]\":{\"required\":{\"value\":false,\"message\":\"This field is required\",\"global_message\":\"This field is required\",\"global\":true}},\"address_1[city]\":{\"required\":{\"value\":true,\"message\":\"Ce champ est obligatoire.\",\"global_message\":\"This field is required\",\"global\":false}},\"address_1[state]\":{\"required\":{\"value\":false,\"message\":\"This field is required\",\"global_message\":\"This field is required\",\"global\":true}},\"address_1[zip]\":{\"required\":{\"value\":true,\"message\":\"Ce champ est obligatoire.\",\"global_message\":\"This field is required\",\"global\":false}},\"address_1[country]\":{\"required\":{\"value\":false,\"message\":\"This field is required\",\"global_message\":\"This field is required\",\"global\":true}},\"input_radio\":{\"required\":{\"value\":true,\"message\":\"Ce champ est obligatoire.\",\"global_message\":\"This field is required\",\"global\":false}},\"input_radio_1\":{\"required\":{\"value\":true,\"message\":\"Ce champ est obligatoire.\",\"global_message\":\"This field is required\",\"global\":false}},\"checkbox\":{\"required\":{\"value\":false,\"message\":\"This field is required\",\"global_message\":\"This field is required\",\"global\":true}}},\"debounce_time\":300};\n                            <\/script>\n                        <\/div>\n\n            \t\t\t\t<\/div>\n\t\t\t\t<\/div>\n\t\t\t\t<\/div>\n\t\t\t\t\t<\/div>\n\t\t\t\t<\/div>\n\t\t<div class=\"elementor-element elementor-element-f607d18 e-con-full e-flex e-con e-parent\" data-id=\"f607d18\" data-element_type=\"container\" data-e-type=\"container\">\n\t\t\t\t<div class=\"elementor-element elementor-element-4c6506f elementor-widget elementor-widget-html\" data-id=\"4c6506f\" data-element_type=\"widget\" data-e-type=\"widget\" data-widget_type=\"html.default\">\n\t\t\t\t\t<style>\n    .marquee {\n  overflow: hidden;\n  display: flex;\n}\n\n.marquee h2{\n  white-space: nowrap;\n}\n<\/style>\n<script>\nfunction Marquee(selector, speed) {\n  const parent = document.querySelector(selector);\n  const clone = parent.innerHTML;\n  let i = 0;\n  parent.innerHTML += clone;\n\n  setInterval(() => {\n    i += speed;\n    if (i >= parent.children[0].clientWidth) i = 0;\n    parent.children[0].style.marginLeft = `-${i}px`;\n  }, 0);\n}\n\nwindow.addEventListener('load', () => Marquee('.marquee', .5));\n<\/script>\t\t\t\t<\/div>\n\t\t\t\t<div class=\"elementor-element elementor-element-ba74c48 marquee elementor-widget elementor-widget-heading\" data-id=\"ba74c48\" data-element_type=\"widget\" data-e-type=\"widget\" data-widget_type=\"heading.default\">\n\t\t\t\t\t<h2 class=\"elementor-heading-title elementor-size-default\">Livraison pr\u00e9vue au printemps 2027<\/h2>\t\t\t\t<\/div>\n\t\t\t\t<\/div>\n\t\t\t\t<\/div>\n\t\t","protected":false},"excerpt":{"rendered":"<p>Vue panoramique sur le fleuve Saint-Laurent 80 Logements haut de gamme, tout compris Un projet locatif durable et visionnaire \u00e0 L\u00e9vis D\u00e9couvrez un projet r\u00e9sidentiel unique \u00e0 L\u00e9vis D\u00e9couvrez Le Fjord, un projet r\u00e9sidentiel exceptionnel \u00e0 L\u00e9vis qui allie modernit\u00e9, confort et s\u00e9r\u00e9nit\u00e9. Avec ses 10 \u00e9tages et ses 80 logements, dont un espace de [&hellip;]<\/p>\n","protected":false},"author":2,"featured_media":0,"parent":0,"menu_order":0,"comment_status":"closed","ping_status":"closed","template":"","meta":{"footnotes":""},"class_list":["post-17","page","type-page","status-publish","hentry"],"_links":{"self":[{"href":"https:\/\/le-fjord.com\/index.php?rest_route=\/wp\/v2\/pages\/17","targetHints":{"allow":["GET"]}}],"collection":[{"href":"https:\/\/le-fjord.com\/index.php?rest_route=\/wp\/v2\/pages"}],"about":[{"href":"https:\/\/le-fjord.com\/index.php?rest_route=\/wp\/v2\/types\/page"}],"author":[{"embeddable":true,"href":"https:\/\/le-fjord.com\/index.php?rest_route=\/wp\/v2\/users\/2"}],"replies":[{"embeddable":true,"href":"https:\/\/le-fjord.com\/index.php?rest_route=%2Fwp%2Fv2%2Fcomments&post=17"}],"version-history":[{"count":175,"href":"https:\/\/le-fjord.com\/index.php?rest_route=\/wp\/v2\/pages\/17\/revisions"}],"predecessor-version":[{"id":374,"href":"https:\/\/le-fjord.com\/index.php?rest_route=\/wp\/v2\/pages\/17\/revisions\/374"}],"wp:attachment":[{"href":"https:\/\/le-fjord.com\/index.php?rest_route=%2Fwp%2Fv2%2Fmedia&parent=17"}],"curies":[{"name":"wp","href":"https:\/\/api.w.org\/{rel}","templated":true}]}}